{"id":3987,"date":"2023-05-05T20:04:56","date_gmt":"2023-05-05T18:04:56","guid":{"rendered":"https:\/\/gdos.cat\/nova\/nosaltres\/"},"modified":"2023-05-18T11:10:06","modified_gmt":"2023-05-18T09:10:06","slug":"nosotros","status":"publish","type":"page","link":"https:\/\/gdos.cat\/es\/nosotros\/","title":{"rendered":"Nosotros"},"content":{"rendered":"<p>[vc_row equal_height=\u00bbyes\u00bb css=\u00bb.vc_custom_1463480619661{margin-bottom: 10px !important;}\u00bb][vc_column width=\u00bb1\/3&#8243; css=\u00bb.vc_custom_1459186986556{margin-right: 0px !important;padding-right: 0px !important;}\u00bb][vc_single_image image=\u00bb3219&#8243; img_size=\u00bblarge\u00bb css_animation=\u00bbfadeIn\u00bb][\/vc_column][vc_column width=\u00bb2\/3&#8243; css=\u00bb.vc_custom_1683310517594{margin-left: 50px !important;padding-left: 0px !important;}\u00bb][vc_column_text css_animation=\u00bbfadeIn\u00bb]<\/p>\n<h1>GDOS Constructors<\/h1>\n<p>[\/vc_column_text][vc_column_text css_animation=\u00bbfadeIn\u00bb]<\/p>\n<h3>Empresa familiar<\/h3>\n<p>[\/vc_column_text][vc_column_text]Creada por <strong>Miquel Garrell<\/strong>, con una experiencia de m\u00e1s de treinta a\u00f1os en la construcci\u00f3n.<\/p>\n<p>Su vagaje, en cuanto a construcci\u00f3n, m\u00e1s la formaci\u00f3n de su hijo en la Facultad de Arquitectura, hizo posible la consolidaci\u00f3n de la empresa hacia el a\u00f1o 2003-2004. Durante todo este tiempo, la Empresa ha dedicado todos sus esfuerzos a optimizar los recursos y materiales (econ\u00f3micos y humanos), dando la m\u00e1xima importancia a la calidad y el trato directo con el cliente.[\/vc_column_text][\/vc_column][\/vc_row][vc_row css=\u00bb.vc_custom_1463480548872{margin-bottom: 0px !important;padding-bottom: 0px !important;}\u00bb][vc_column][vc_separator css=\u00bb.vc_custom_1463481153700{margin-bottom: 0px !important;padding-bottom: 0px !important;}\u00bb][\/vc_column][\/vc_row][vc_row equal_height=\u00bbyes\u00bb content_placement=\u00bbmiddle\u00bb css=\u00bb.vc_custom_1683311567713{margin-right: 0px !important;margin-bottom: 30px !important;margin-left: 0px !important;background-color: #f1f1f1 !important;}\u00bb][vc_column width=\u00bb1\/2&#8243; css=\u00bb.vc_custom_1683311632424{margin-right: 0px !important;padding-top: 50px !important;padding-right: 50px !important;padding-bottom: 50px !important;padding-left: 50px !important;}\u00bb]<div class=\"mgt-header-block clearfix text-left text-black wpb_content_element  mgt-header-block-style-1 mgt-header-texttransform-header \"><h2 class=\"mgt-header-block-title\">Cuidamos a nuestra gente<\/h2><div class=\"mgt-header-line\"><\/div><\/div>[vc_column_text css_animation=\u00bbfadeIn\u00bb]<\/p>\n<h3 style=\"text-align: left;\">La formaci\u00f3n y la seguridad: imprescindibles para un trabajo de calidad y contrucciones incre\u00edbles<\/h3>\n<p>[\/vc_column_text][vc_column_text]Establecemos un concierto de Servicio de Prevenci\u00f3n, cuyo objeto incluye aquellas formaciones y actividades que garantizan la adecuada protecci\u00f3n de la Seguridad y la Salud de nuestros trabajadores.[\/vc_column_text][\/vc_column][vc_column width=\u00bb1\/2&#8243; css=\u00bb.vc_custom_1459186959095{margin-left: 0px !important;padding-left: 0px !important;}\u00bb][vc_row_inner content_placement=\u00bbmiddle\u00bb css=\u00bb.vc_custom_1683312549147{background-position: center !important;background-repeat: no-repeat !important;background-size: cover !important;}\u00bb][vc_column_inner][vc_images_carousel images=\u00bb3326,3327,3328&#8243; img_size=\u00bbfull\u00bb onclick=\u00bblink_no\u00bb autoplay=\u00bbyes\u00bb wrap=\u00bbyes\u00bb][\/vc_column_inner][\/vc_row_inner][\/vc_column][\/vc_row][vc_row][vc_column][vc_separator css=\u00bb.vc_custom_1463481153700{margin-bottom: 0px !important;padding-bottom: 0px !important;}\u00bb][\/vc_column][\/vc_row][vc_row][vc_column width=\u00bb1\/2&#8243;][vc_single_image image=\u00bb3181&#8243; img_size=\u00bbfull\u00bb css_animation=\u00bbfadeIn\u00bb][\/vc_column][vc_column width=\u00bb1\/2&#8243; css=\u00bb.vc_custom_1683313045830{padding-top: 50px !important;padding-right: 50px !important;padding-bottom: 50px !important;padding-left: 50px !important;}\u00bb]<div class=\"mgt-header-block clearfix text-left text-black wpb_content_element  mgt-header-block-style-1 mgt-header-texttransform-header \"><h2 class=\"mgt-header-block-title\">FUTURO: Proyectos y PErspectivas<\/h2><div class=\"mgt-header-line\"><\/div><\/div>[vc_column_text]El objetivo de <strong>G-DOS CONSTRUCTORS PIRINEU, SL<\/strong>, es crecer racionalmente por medio de la especializaci\u00f3n, calificaci\u00f3n y diversificaci\u00f3n de la oferta. Es decir, ofrecer la realizaci\u00f3n de diferentes tipos de servicios dentro de un mismo proyecto constructivo, en un futuro se pretende una mayor especializaci\u00f3n de \u00e9stos.<\/p>\n<p>El objetivo final es, no s\u00f3lo, seguir trabajando con los niveles y est\u00e1ndares de calidad actuales, sino que se aboga por una mejora constante. El motivo es evidente:<\/p>\n<h3 style=\"text-align: center;\">El trabajo bien hecho no tiene fronteras, el trabajo bien hecho no tiene rival<\/h3>\n<p>[\/vc_column_text][\/vc_column][\/vc_row][vc_row content_placement=\u00bbmiddle\u00bb][vc_column width=\u00bb1\/2&#8243;]<div class=\"mgt-header-block clearfix text-left text-black wpb_content_element  mgt-header-block-style-1 mgt-header-texttransform-header \"><h2 class=\"mgt-header-block-title\">FUTURO: MEJORA CONTINUADA A TODOS LOS NIVELES<\/h2><div class=\"mgt-header-line\"><\/div><\/div>[vc_column_text css_animation=\u00bbfadeIn\u00bb]Por otra parte, la empresa impulsar\u00e1 la <strong>mejora continua a todos los niveles<\/strong>: las inversiones constantes en la adquisici\u00f3n de nueva maquinaria, utillaje\u2026 en la mejora y la formaci\u00f3n constante de los trabajadores; En resumen, la <strong>innovaci\u00f3n ser\u00e1 una constante<\/strong>.<\/p>\n<h3 style=\"text-align: center;\">A nuestra empresa le gustan los retos y, sobre todo, la satisfacci\u00f3n de alcanzarlos<\/h3>\n<p>[\/vc_column_text][\/vc_column][vc_column width=\u00bb1\/2&#8243; css=\u00bb.vc_custom_1683313045830{padding-top: 50px !important;padding-right: 50px !important;padding-bottom: 50px !important;padding-left: 50px !important;}\u00bb][vc_single_image image=\u00bb3176&#8243; img_size=\u00bbfull\u00bb css_animation=\u00bbfadeIn\u00bb][\/vc_column][\/vc_row]<\/p>\n","protected":false},"excerpt":{"rendered":"<p>[vc_row equal_height=\u00bbyes\u00bb css=\u00bb.vc_custom_1463480619661{margin-bottom: 10px !important;}\u00bb][vc_column width=\u00bb1\/3&#8243; css=\u00bb.vc_custom_1459186986556{margin-right: 0px !important;padding-right: 0px !important;}\u00bb][vc_single_image image=\u00bb3219&#8243; img_size=\u00bblarge\u00bb css_animation=\u00bbfadeIn\u00bb][\/vc_column][vc_column width=\u00bb2\/3&#8243; css=\u00bb.vc_custom_1683310517594{margin-left: 50px !important;padding-left: 0px !important;}\u00bb][vc_column_text css_animation=\u00bbfadeIn\u00bb] GDOS Constructors [\/vc_column_text][vc_column_text css_animation=\u00bbfadeIn\u00bb] Empresa familiar [\/vc_column_text][vc_column_text]Creada por Miquel&#8230;<\/p>\n","protected":false},"author":2,"featured_media":0,"parent":0,"menu_order":0,"comment_status":"closed","ping_status":"closed","template":"","meta":{"footnotes":""},"class_list":["post-3987","page","type-page","status-publish","hentry"],"yoast_head":"<!-- This site is optimized with the Yoast SEO plugin v23.8 - https:\/\/yoast.com\/wordpress\/plugins\/seo\/ -->\n<title>Nosotros - GDOS Constructors<\/title>\n<meta name=\"robots\" content=\"index, follow, max-snippet:-1, max-image-preview:large, max-video-preview:-1\" \/>\n<link rel=\"canonical\" href=\"https:\/\/gdos.cat\/es\/nosotros\/\" \/>\n<meta property=\"og:locale\" content=\"es_ES\" \/>\n<meta property=\"og:type\" content=\"article\" \/>\n<meta property=\"og:title\" content=\"Nosotros - GDOS Constructors\" \/>\n<meta property=\"og:description\" content=\"[vc_row equal_height=\u00bbyes\u00bb css=\u00bb.vc_custom_1463480619661{margin-bottom: 10px !important;}\u00bb][vc_column width=\u00bb1\/3&#8243; css=\u00bb.vc_custom_1459186986556{margin-right: 0px !important;padding-right: 0px !important;}\u00bb][vc_single_image image=\u00bb3219&#8243; img_size=\u00bblarge\u00bb css_animation=\u00bbfadeIn\u00bb][\/vc_column][vc_column width=\u00bb2\/3&#8243; css=\u00bb.vc_custom_1683310517594{margin-left: 50px !important;padding-left: 0px !important;}\u00bb][vc_column_text css_animation=\u00bbfadeIn\u00bb] GDOS Constructors [\/vc_column_text][vc_column_text css_animation=\u00bbfadeIn\u00bb] Empresa familiar [\/vc_column_text][vc_column_text]Creada por Miquel...\" \/>\n<meta property=\"og:url\" content=\"https:\/\/gdos.cat\/es\/nosotros\/\" \/>\n<meta property=\"og:site_name\" content=\"GDOS Constructors\" \/>\n<meta property=\"article:modified_time\" content=\"2023-05-18T09:10:06+00:00\" \/>\n<meta name=\"twitter:card\" content=\"summary_large_image\" \/>\n<meta name=\"twitter:label1\" content=\"Tiempo de lectura\" \/>\n\t<meta name=\"twitter:data1\" content=\"3 minutos\" \/>\n<script type=\"application\/ld+json\" class=\"yoast-schema-graph\">{\"@context\":\"https:\/\/schema.org\",\"@graph\":[{\"@type\":\"WebPage\",\"@id\":\"https:\/\/gdos.cat\/es\/nosotros\/\",\"url\":\"https:\/\/gdos.cat\/es\/nosotros\/\",\"name\":\"Nosotros - GDOS Constructors\",\"isPartOf\":{\"@id\":\"https:\/\/gdos.cat\/#website\"},\"datePublished\":\"2023-05-05T18:04:56+00:00\",\"dateModified\":\"2023-05-18T09:10:06+00:00\",\"breadcrumb\":{\"@id\":\"https:\/\/gdos.cat\/es\/nosotros\/#breadcrumb\"},\"inLanguage\":\"es\",\"potentialAction\":[{\"@type\":\"ReadAction\",\"target\":[\"https:\/\/gdos.cat\/es\/nosotros\/\"]}]},{\"@type\":\"BreadcrumbList\",\"@id\":\"https:\/\/gdos.cat\/es\/nosotros\/#breadcrumb\",\"itemListElement\":[{\"@type\":\"ListItem\",\"position\":1,\"name\":\"Inici\",\"item\":\"https:\/\/gdos.cat\/es\/\"},{\"@type\":\"ListItem\",\"position\":2,\"name\":\"Nosotros\"}]},{\"@type\":\"WebSite\",\"@id\":\"https:\/\/gdos.cat\/#website\",\"url\":\"https:\/\/gdos.cat\/\",\"name\":\"GDOS Constructors\",\"description\":\"GDOS\",\"potentialAction\":[{\"@type\":\"SearchAction\",\"target\":{\"@type\":\"EntryPoint\",\"urlTemplate\":\"https:\/\/gdos.cat\/?s={search_term_string}\"},\"query-input\":{\"@type\":\"PropertyValueSpecification\",\"valueRequired\":true,\"valueName\":\"search_term_string\"}}],\"inLanguage\":\"es\"}]}<\/script>\n<!-- \/ Yoast SEO plugin. -->","yoast_head_json":{"title":"Nosotros - GDOS Constructors","robots":{"index":"index","follow":"follow","max-snippet":"max-snippet:-1","max-image-preview":"max-image-preview:large","max-video-preview":"max-video-preview:-1"},"canonical":"https:\/\/gdos.cat\/es\/nosotros\/","og_locale":"es_ES","og_type":"article","og_title":"Nosotros - GDOS Constructors","og_description":"[vc_row equal_height=\u00bbyes\u00bb css=\u00bb.vc_custom_1463480619661{margin-bottom: 10px !important;}\u00bb][vc_column width=\u00bb1\/3&#8243; css=\u00bb.vc_custom_1459186986556{margin-right: 0px !important;padding-right: 0px !important;}\u00bb][vc_single_image image=\u00bb3219&#8243; img_size=\u00bblarge\u00bb css_animation=\u00bbfadeIn\u00bb][\/vc_column][vc_column width=\u00bb2\/3&#8243; css=\u00bb.vc_custom_1683310517594{margin-left: 50px !important;padding-left: 0px !important;}\u00bb][vc_column_text css_animation=\u00bbfadeIn\u00bb] GDOS Constructors [\/vc_column_text][vc_column_text css_animation=\u00bbfadeIn\u00bb] Empresa familiar [\/vc_column_text][vc_column_text]Creada por Miquel...","og_url":"https:\/\/gdos.cat\/es\/nosotros\/","og_site_name":"GDOS Constructors","article_modified_time":"2023-05-18T09:10:06+00:00","twitter_card":"summary_large_image","twitter_misc":{"Tiempo de lectura":"3 minutos"},"schema":{"@context":"https:\/\/schema.org","@graph":[{"@type":"WebPage","@id":"https:\/\/gdos.cat\/es\/nosotros\/","url":"https:\/\/gdos.cat\/es\/nosotros\/","name":"Nosotros - GDOS Constructors","isPartOf":{"@id":"https:\/\/gdos.cat\/#website"},"datePublished":"2023-05-05T18:04:56+00:00","dateModified":"2023-05-18T09:10:06+00:00","breadcrumb":{"@id":"https:\/\/gdos.cat\/es\/nosotros\/#breadcrumb"},"inLanguage":"es","potentialAction":[{"@type":"ReadAction","target":["https:\/\/gdos.cat\/es\/nosotros\/"]}]},{"@type":"BreadcrumbList","@id":"https:\/\/gdos.cat\/es\/nosotros\/#breadcrumb","itemListElement":[{"@type":"ListItem","position":1,"name":"Inici","item":"https:\/\/gdos.cat\/es\/"},{"@type":"ListItem","position":2,"name":"Nosotros"}]},{"@type":"WebSite","@id":"https:\/\/gdos.cat\/#website","url":"https:\/\/gdos.cat\/","name":"GDOS Constructors","description":"GDOS","potentialAction":[{"@type":"SearchAction","target":{"@type":"EntryPoint","urlTemplate":"https:\/\/gdos.cat\/?s={search_term_string}"},"query-input":{"@type":"PropertyValueSpecification","valueRequired":true,"valueName":"search_term_string"}}],"inLanguage":"es"}]}},"_links":{"self":[{"href":"https:\/\/gdos.cat\/es\/wp-json\/wp\/v2\/pages\/3987","targetHints":{"allow":["GET"]}}],"collection":[{"href":"https:\/\/gdos.cat\/es\/wp-json\/wp\/v2\/pages"}],"about":[{"href":"https:\/\/gdos.cat\/es\/wp-json\/wp\/v2\/types\/page"}],"author":[{"embeddable":true,"href":"https:\/\/gdos.cat\/es\/wp-json\/wp\/v2\/users\/2"}],"replies":[{"embeddable":true,"href":"https:\/\/gdos.cat\/es\/wp-json\/wp\/v2\/comments?post=3987"}],"version-history":[{"count":3,"href":"https:\/\/gdos.cat\/es\/wp-json\/wp\/v2\/pages\/3987\/revisions"}],"predecessor-version":[{"id":3990,"href":"https:\/\/gdos.cat\/es\/wp-json\/wp\/v2\/pages\/3987\/revisions\/3990"}],"wp:attachment":[{"href":"https:\/\/gdos.cat\/es\/wp-json\/wp\/v2\/media?parent=3987"}],"curies":[{"name":"wp","href":"https:\/\/api.w.org\/{rel}","templated":true}]}}