{"id":4041,"date":"2016-03-28T09:28:14","date_gmt":"2016-03-28T07:28:14","guid":{"rendered":"https:\/\/gdos.cat\/nova\/homepage\/"},"modified":"2023-05-22T18:29:06","modified_gmt":"2023-05-22T16:29:06","slug":"homepage","status":"publish","type":"page","link":"https:\/\/gdos.cat\/es\/","title":{"rendered":"Homepage"},"content":{"rendered":"<p>[vc_row][vc_column][rev_slider_vc alias=\u00bbhome-1&#8243;][\/vc_column][\/vc_row][vc_row full_width=\u00bbstretch_row\u00bb css=\u00bb.vc_custom_1678098405191{padding-bottom: 60px !important;}\u00bb][vc_column]<div class=\"mgt-header-block clearfix text-left text-black wpb_content_element  mgt-header-block-style-1 mgt-header-texttransform-header \"><h2 class=\"mgt-header-block-title\">Nuestros servicios<\/h2><p class=\"mgt-header-block-subtitle\">Construcciones de calidad<\/p><div class=\"mgt-header-line\"><\/div><\/div>\r\n\t\r\n\t<div class=\"portfolio-list portfolio-columns-4 portfolio-grid-layout-3 clearfix\" id=\"portfolio-list\">\r\n\r\n\t\t<div class=\"portfolio-item-block portfolio-item-animation-0 mix\" data-item=\"1\" data-name=\"Obra nueva\">\r\n\t<div class=\"portfolio-item-block-inside\">\r\n\t  <a href=\"https:\/\/gdos.cat\/es\/project\/obra-nueva\/\" target=\"_self\" rel=\"\" title=\"Obra nueva\">\r\n\t    <div class=\"portfolio-item-image\" data-style=\"background-image: url(https:\/\/gdos.cat\/wp-content\/uploads\/2023\/03\/obra-nova00001-1024x700.jpg);\"><\/div>\r\n\t    <div class=\"portfolio-item-bg\"><\/div>\r\n\t\t<div class=\"titleportfolio\">OBRA NUEVA<\/div>\r\n\r\n\t    <div class=\"info\">\r\n\t      <span class=\"sub-title\"><\/span>\r\n\t      \t      <div class=\"project-description\">Le daremos forma<\/div>\r\n\t  \t  \t      \t    <\/div>\r\n\t  <\/a>\r\n\t<\/div>\r\n\t<\/div>\r\n\t\t<div class=\"portfolio-item-block portfolio-item-animation-0 mix\" data-item=\"2\" data-name=\"Construcci\u00f3n tradicional\">\r\n\t<div class=\"portfolio-item-block-inside\">\r\n\t  <a href=\"https:\/\/gdos.cat\/es\/project\/construccion-tradicional\/\" target=\"_self\" rel=\"\" title=\"Construcci\u00f3n tradicional\">\r\n\t    <div class=\"portfolio-item-image\" data-style=\"background-image: url(https:\/\/gdos.cat\/wp-content\/uploads\/2016\/03\/construcciotradicional-1024x1024.jpg);\"><\/div>\r\n\t    <div class=\"portfolio-item-bg\"><\/div>\r\n\t\t<div class=\"titleportfolio\">CONSTRUCCI\u00d3N TRADICIONAL<\/div>\r\n\r\n\t    <div class=\"info\">\r\n\t      <span class=\"sub-title\"><\/span>\r\n\t      \t      <div class=\"project-description\">Preservar el patrimonio<\/div>\r\n\t  \t  \t      \t    <\/div>\r\n\t  <\/a>\r\n\t<\/div>\r\n\t<\/div>\r\n\t\t<div class=\"portfolio-item-block portfolio-item-animation-0 mix\" data-item=\"3\" data-name=\"Estructuras\">\r\n\t<div class=\"portfolio-item-block-inside\">\r\n\t  <a href=\"https:\/\/gdos.cat\/es\/project\/estructuras\/\" target=\"_self\" rel=\"\" title=\"Estructuras\">\r\n\t    <div class=\"portfolio-item-image\" data-style=\"background-image: url(https:\/\/gdos.cat\/wp-content\/uploads\/2016\/03\/estructuresformigo-1024x1024.jpg);\"><\/div>\r\n\t    <div class=\"portfolio-item-bg\"><\/div>\r\n\t\t<div class=\"titleportfolio\">ESTRUCTURAS<\/div>\r\n\r\n\t    <div class=\"info\">\r\n\t      <span class=\"sub-title\"><\/span>\r\n\t      \t      <div class=\"project-description\">Tocamos madera<\/div>\r\n\t  \t  \t      \t    <\/div>\r\n\t  <\/a>\r\n\t<\/div>\r\n\t<\/div>\r\n\t\t<div class=\"portfolio-item-block portfolio-item-animation-0 mix\" data-item=\"1\" data-name=\"Obra p\u00fablica\">\r\n\t<div class=\"portfolio-item-block-inside\">\r\n\t  <a href=\"https:\/\/gdos.cat\/es\/project\/obra-publica\/\" target=\"_self\" rel=\"\" title=\"Obra p\u00fablica\">\r\n\t    <div class=\"portfolio-item-image\" data-style=\"background-image: url(https:\/\/gdos.cat\/wp-content\/uploads\/2016\/03\/obrapublica.jpg);\"><\/div>\r\n\t    <div class=\"portfolio-item-bg\"><\/div>\r\n\t\t<div class=\"titleportfolio\">OBRA P\u00daBLICA<\/div>\r\n\r\n\t    <div class=\"info\">\r\n\t      <span class=\"sub-title\"><\/span>\r\n\t      \t      <div class=\"project-description\">\u00a1El cliente final, somos todos!<\/div>\r\n\t  \t  \t      \t    <\/div>\r\n\t  <\/a>\r\n\t<\/div>\r\n\t<\/div>\r\n\t\t<div class=\"portfolio-item-block portfolio-item-animation-0 mix\" data-item=\"2\" data-name=\"Eficiencia energ\u00e9tica y confort\">\r\n\t<div class=\"portfolio-item-block-inside\">\r\n\t  <a href=\"https:\/\/gdos.cat\/es\/project\/eficiencia-energetica-y-confort\/\" target=\"_self\" rel=\"\" title=\"Eficiencia energ\u00e9tica y confort\">\r\n\t    <div class=\"portfolio-item-image\" data-style=\"background-image: url(https:\/\/gdos.cat\/wp-content\/uploads\/2016\/03\/cobertes-1024x1024.jpg);\"><\/div>\r\n\t    <div class=\"portfolio-item-bg\"><\/div>\r\n\t\t<div class=\"titleportfolio\">EFICIENCIA ENERG\u00c9TICA Y CONFORT<\/div>\r\n\r\n\t    <div class=\"info\">\r\n\t      <span class=\"sub-title\"><\/span>\r\n\t      \t      <div class=\"project-description\">Aislamos o reparamos para su confort<\/div>\r\n\t  \t  \t      \t    <\/div>\r\n\t  <\/a>\r\n\t<\/div>\r\n\t<\/div>\r\n\t\t<div class=\"portfolio-item-block portfolio-item-animation-0 mix\" data-item=\"3\" data-name=\"Desamiantados\">\r\n\t<div class=\"portfolio-item-block-inside\">\r\n\t  <a href=\"https:\/\/gdos.cat\/es\/project\/desamiantados\/\" target=\"_self\" rel=\"\" title=\"Desamiantados\">\r\n\t    <div class=\"portfolio-item-image\" data-style=\"background-image: url(https:\/\/gdos.cat\/wp-content\/uploads\/2023\/03\/amianto-1024x1024.jpg);\"><\/div>\r\n\t    <div class=\"portfolio-item-bg\"><\/div>\r\n\t\t<div class=\"titleportfolio\">DESAMIANTADOS<\/div>\r\n\r\n\t    <div class=\"info\">\r\n\t      <span class=\"sub-title\"><\/span>\r\n\t      \t      <div class=\"project-description\">El Amianto, una amenaza para la salud<\/div>\r\n\t  \t  \t      \t    <\/div>\r\n\t  <\/a>\r\n\t<\/div>\r\n\t<\/div>\r\n\t\t<div class=\"portfolio-item-block portfolio-item-animation-0 mix\" data-item=\"1\" data-name=\"Reformas y rehabilitaciones\">\r\n\t<div class=\"portfolio-item-block-inside\">\r\n\t  <a href=\"https:\/\/gdos.cat\/es\/project\/reformas-y-rehabilitaciones\/\" target=\"_self\" rel=\"\" title=\"Reformas y rehabilitaciones\">\r\n\t    <div class=\"portfolio-item-image\" data-style=\"background-image: url(https:\/\/gdos.cat\/wp-content\/uploads\/2022\/03\/reformes-1024x1024.jpg);\"><\/div>\r\n\t    <div class=\"portfolio-item-bg\"><\/div>\r\n\t\t<div class=\"titleportfolio\">REFORMAS Y REHABILITACIONES<\/div>\r\n\r\n\t    <div class=\"info\">\r\n\t      <span class=\"sub-title\"><\/span>\r\n\t      \t      <div class=\"project-description\">Deshacer y rehacer para dejarlo como nuevo<\/div>\r\n\t  \t  \t      \t    <\/div>\r\n\t  <\/a>\r\n\t<\/div>\r\n\t<\/div>\r\n\t\t         \r\n\t\r\n\t<\/div>\r\n\r\n\r\n<script>(function($){\r\n\t    $(document).ready(function() {\r\n\r\n\t\t    $(\"#portfolio-list\").mixItUp({effects:[\"scale\",\"scale\"],easing:\"snap\"});\r\n\r\n\t    });})(jQuery);<\/script>[vc_cta h2=\u00bbRealizamos Reformas, Rehabilitaciones, Obra nueva, Estructura y Obra P\u00fablica\u00bb txt_align=\u00bbcenter\u00bb css_animation=\u00bbfadeIn\u00bb]<\/p>\n<h4 style=\"text-align: center;\">Hemos logrado ocupar un lugar destacado en el mercado dentro de un \u00e1mbito local (Alt Urgell, Cerdanya, Pallars y Solson\u00e8s), pero nunca hemos descartando realizar otros proyectos m\u00e1s lejanos.<\/h4>\n<p>[\/vc_cta][\/vc_column][\/vc_row][vc_row full_width=\u00bbstretch_row_content_no_spaces\u00bb css=\u00bb.vc_custom_1678881791313{margin-bottom: 0px !important;border-bottom-width: 0px !important;padding-bottom: 0px !important;}\u00bb][vc_column css=\u00bb.vc_custom_1678881818262{margin-bottom: 0px !important;border-bottom-width: 0px !important;padding-bottom: 0px !important;}\u00bb][vc_single_image image=\u00bb3218&#8243; img_size=\u00bbfull\u00bb alignment=\u00bbcenter\u00bb css=\u00bb.vc_custom_1678882073582{margin-bottom: 0px !important;}\u00bb][\/vc_column][\/vc_row]<\/p>\n","protected":false},"excerpt":{"rendered":"<p>[vc_row][vc_column][rev_slider_vc alias=\u00bbhome-1&#8243;][\/vc_column][\/vc_row][vc_row full_width=\u00bbstretch_row\u00bb css=\u00bb.vc_custom_1678098405191{padding-bottom: 60px !important;}\u00bb][vc_column][vc_cta h2=\u00bbRealizamos Reformas, Rehabilitaciones, Obra nueva, Estructura y Obra P\u00fablica\u00bb txt_align=\u00bbcenter\u00bb css_animation=\u00bbfadeIn\u00bb] Hemos logrado ocupar un lugar destacado en el mercado dentro de un \u00e1mbito&#8230;<\/p>\n","protected":false},"author":1,"featured_media":0,"parent":0,"menu_order":0,"comment_status":"closed","ping_status":"closed","template":"","meta":{"footnotes":""},"class_list":["post-4041","page","type-page","status-publish","hentry"],"yoast_head":"<!-- This site is optimized with the Yoast SEO plugin v23.8 - https:\/\/yoast.com\/wordpress\/plugins\/seo\/ -->\n<title>Homepage - GDOS Constructors<\/title>\n<meta name=\"robots\" content=\"index, follow, max-snippet:-1, max-image-preview:large, max-video-preview:-1\" \/>\n<link rel=\"canonical\" href=\"https:\/\/gdos.cat\/es\/\" \/>\n<meta property=\"og:locale\" content=\"es_ES\" \/>\n<meta property=\"og:type\" content=\"article\" \/>\n<meta property=\"og:title\" content=\"Homepage - GDOS Constructors\" \/>\n<meta property=\"og:description\" content=\"[vc_row][vc_column][rev_slider_vc alias=\u00bbhome-1&#8243;][\/vc_column][\/vc_row][vc_row full_width=\u00bbstretch_row\u00bb css=\u00bb.vc_custom_1678098405191{padding-bottom: 60px !important;}\u00bb][vc_column][vc_cta h2=\u00bbRealizamos Reformas, Rehabilitaciones, Obra nueva, Estructura y Obra P\u00fablica\u00bb txt_align=\u00bbcenter\u00bb css_animation=\u00bbfadeIn\u00bb] Hemos logrado ocupar un lugar destacado en el mercado dentro de un \u00e1mbito...\" \/>\n<meta property=\"og:url\" content=\"https:\/\/gdos.cat\/es\/\" \/>\n<meta property=\"og:site_name\" content=\"GDOS Constructors\" \/>\n<meta property=\"article:modified_time\" content=\"2023-05-22T16:29:06+00:00\" \/>\n<meta name=\"twitter:card\" content=\"summary_large_image\" \/>\n<meta name=\"twitter:label1\" content=\"Tiempo de lectura\" \/>\n\t<meta name=\"twitter:data1\" content=\"1 minuto\" \/>\n<script type=\"application\/ld+json\" class=\"yoast-schema-graph\">{\"@context\":\"https:\/\/schema.org\",\"@graph\":[{\"@type\":\"WebPage\",\"@id\":\"https:\/\/gdos.cat\/es\/\",\"url\":\"https:\/\/gdos.cat\/es\/\",\"name\":\"Homepage - GDOS Constructors\",\"isPartOf\":{\"@id\":\"https:\/\/gdos.cat\/#website\"},\"datePublished\":\"2016-03-28T07:28:14+00:00\",\"dateModified\":\"2023-05-22T16:29:06+00:00\",\"breadcrumb\":{\"@id\":\"https:\/\/gdos.cat\/es\/#breadcrumb\"},\"inLanguage\":\"es\",\"potentialAction\":[{\"@type\":\"ReadAction\",\"target\":[\"https:\/\/gdos.cat\/es\/\"]}]},{\"@type\":\"BreadcrumbList\",\"@id\":\"https:\/\/gdos.cat\/es\/#breadcrumb\",\"itemListElement\":[{\"@type\":\"ListItem\",\"position\":1,\"name\":\"Inici\",\"item\":\"https:\/\/gdos.cat\/es\/\"},{\"@type\":\"ListItem\",\"position\":2,\"name\":\"Homepage\"}]},{\"@type\":\"WebSite\",\"@id\":\"https:\/\/gdos.cat\/#website\",\"url\":\"https:\/\/gdos.cat\/\",\"name\":\"GDOS Constructors\",\"description\":\"GDOS\",\"potentialAction\":[{\"@type\":\"SearchAction\",\"target\":{\"@type\":\"EntryPoint\",\"urlTemplate\":\"https:\/\/gdos.cat\/?s={search_term_string}\"},\"query-input\":{\"@type\":\"PropertyValueSpecification\",\"valueRequired\":true,\"valueName\":\"search_term_string\"}}],\"inLanguage\":\"es\"}]}<\/script>\n<!-- \/ Yoast SEO plugin. -->","yoast_head_json":{"title":"Homepage - GDOS Constructors","robots":{"index":"index","follow":"follow","max-snippet":"max-snippet:-1","max-image-preview":"max-image-preview:large","max-video-preview":"max-video-preview:-1"},"canonical":"https:\/\/gdos.cat\/es\/","og_locale":"es_ES","og_type":"article","og_title":"Homepage - GDOS Constructors","og_description":"[vc_row][vc_column][rev_slider_vc alias=\u00bbhome-1&#8243;][\/vc_column][\/vc_row][vc_row full_width=\u00bbstretch_row\u00bb css=\u00bb.vc_custom_1678098405191{padding-bottom: 60px !important;}\u00bb][vc_column][vc_cta h2=\u00bbRealizamos Reformas, Rehabilitaciones, Obra nueva, Estructura y Obra P\u00fablica\u00bb txt_align=\u00bbcenter\u00bb css_animation=\u00bbfadeIn\u00bb] Hemos logrado ocupar un lugar destacado en el mercado dentro de un \u00e1mbito...","og_url":"https:\/\/gdos.cat\/es\/","og_site_name":"GDOS Constructors","article_modified_time":"2023-05-22T16:29:06+00:00","twitter_card":"summary_large_image","twitter_misc":{"Tiempo de lectura":"1 minuto"},"schema":{"@context":"https:\/\/schema.org","@graph":[{"@type":"WebPage","@id":"https:\/\/gdos.cat\/es\/","url":"https:\/\/gdos.cat\/es\/","name":"Homepage - GDOS Constructors","isPartOf":{"@id":"https:\/\/gdos.cat\/#website"},"datePublished":"2016-03-28T07:28:14+00:00","dateModified":"2023-05-22T16:29:06+00:00","breadcrumb":{"@id":"https:\/\/gdos.cat\/es\/#breadcrumb"},"inLanguage":"es","potentialAction":[{"@type":"ReadAction","target":["https:\/\/gdos.cat\/es\/"]}]},{"@type":"BreadcrumbList","@id":"https:\/\/gdos.cat\/es\/#breadcrumb","itemListElement":[{"@type":"ListItem","position":1,"name":"Inici","item":"https:\/\/gdos.cat\/es\/"},{"@type":"ListItem","position":2,"name":"Homepage"}]},{"@type":"WebSite","@id":"https:\/\/gdos.cat\/#website","url":"https:\/\/gdos.cat\/","name":"GDOS Constructors","description":"GDOS","potentialAction":[{"@type":"SearchAction","target":{"@type":"EntryPoint","urlTemplate":"https:\/\/gdos.cat\/?s={search_term_string}"},"query-input":{"@type":"PropertyValueSpecification","valueRequired":true,"valueName":"search_term_string"}}],"inLanguage":"es"}]}},"_links":{"self":[{"href":"https:\/\/gdos.cat\/es\/wp-json\/wp\/v2\/pages\/4041","targetHints":{"allow":["GET"]}}],"collection":[{"href":"https:\/\/gdos.cat\/es\/wp-json\/wp\/v2\/pages"}],"about":[{"href":"https:\/\/gdos.cat\/es\/wp-json\/wp\/v2\/types\/page"}],"author":[{"embeddable":true,"href":"https:\/\/gdos.cat\/es\/wp-json\/wp\/v2\/users\/1"}],"replies":[{"embeddable":true,"href":"https:\/\/gdos.cat\/es\/wp-json\/wp\/v2\/comments?post=4041"}],"version-history":[{"count":4,"href":"https:\/\/gdos.cat\/es\/wp-json\/wp\/v2\/pages\/4041\/revisions"}],"predecessor-version":[{"id":4070,"href":"https:\/\/gdos.cat\/es\/wp-json\/wp\/v2\/pages\/4041\/revisions\/4070"}],"wp:attachment":[{"href":"https:\/\/gdos.cat\/es\/wp-json\/wp\/v2\/media?parent=4041"}],"curies":[{"name":"wp","href":"https:\/\/api.w.org\/{rel}","templated":true}]}}