{"id":4054,"date":"2023-03-10T13:23:13","date_gmt":"2023-03-10T12:23:13","guid":{"rendered":"https:\/\/gdos.cat\/nova\/?page_id=4054"},"modified":"2023-05-24T12:10:10","modified_gmt":"2023-05-24T10:10:10","slug":"aviso-legal","status":"publish","type":"page","link":"https:\/\/gdos.cat\/es\/aviso-legal\/","title":{"rendered":"Aviso legal"},"content":{"rendered":"<p>[vc_row][vc_column]<div class=\"mgt-header-block clearfix text-left text-black wpb_content_element  mgt-header-block-style-1 mgt-header-texttransform-none  vc_custom_1684700620544\"><h2 class=\"mgt-header-block-title\">Aviso legal<\/h2><div class=\"mgt-header-line\"><\/div><\/div>[\/vc_column][\/vc_row][vc_row][vc_column][vc_column_text]<\/p>\n<h2>AVISO LEGAL Y CONDICIONES GENERALES DE USO<\/h2>\n<p>www.gdos.cat\/es<\/p>\n<h3><strong>I. INFORMACI\u00d3N GENERAL<\/strong><\/h3>\n<p>En cumplimiento con el deber informativo dispuesto en la Ley 34\/2002 de Servicios de la Sociedad de la Informaci\u00f3n y el Comercio Electr\u00f3nico (LSSI-CE) de 11 de julio, se facilitan a continuaci\u00f3n los datos de informaci\u00f3n general de este sitio web:<\/p>\n<p>La titularidad de este sitio web, www.gdos.cat, (de ahora en adelante, Sitio web) la ostenta con los siguientes datos de contacto:<\/p>\n<p>Nombre: <strong>G-DOS Constructors Pirineu S.L.<br \/>\n<\/strong>NIF:\u00a0<strong>B25588948<\/strong><br \/>\nDirecci\u00f3n: <strong>C\/ Bellavista, 6 &#8211; Montferrer, \u00a025711 Lleida (ES)<\/strong><br \/>\nTel\u00e9fono de contacto: <strong>973 350 075<\/strong><br \/>\nEmail de contacto: <strong>info@gdos.cat<\/strong><\/p>\n<h3><\/h3>\n<h3>II. T\u00c9RMINOS Y CONDICIONES GENERALES DE USO<\/h3>\n<p>El objeto de las condiciones: El Sitio web<\/p>\n<p>El objeto de estas Condiciones Generales de Uso (de ahora en adelante, Condiciones) es regular el acceso y la utilizaci\u00f3n del Sitio web. A los efectos de las presentes Condiciones se entender\u00e1 como Sitio web: la apariencia externa de las interfaces de pantalla, tanto de forma est\u00e1tica como de forma din\u00e1mica, es decir, el \u00edndice de navegaci\u00f3n; y todos los elementos integrados tanto a las interfaces de pantalla como el \u00edndice de navegaci\u00f3n (de ahora en adelante, Contenidos) y todos aquellos servicios o recursos en l\u00ednea que si procede ofrezca a los Usuarios (de ahora en adelante, Servicios).<\/p>\n<p><strong>GDOS Constructors<\/strong> se reserva la facultad de modificar, en cualquier momento, y sin aviso previo, la presentaci\u00f3n y configuraci\u00f3n del Sitio web y de los Contenidos y Servicios que pudieran estar incorporados. El Usuario reconoce y acepta que en cualquier momento <strong>GDOS Constructors<\/strong> pueda interrumpir, desactivar y\/o cancelar cualquier de estos elementos que se integran en el Sitio web.<\/p>\n<p>El acceso al Sitio web por el Usuario tiene car\u00e1cter libre y, por regla general, es gratuito sin que el Usuario tenga que proporcionar una contraprestaci\u00f3n para poder disfrutar, salvo el coste de conexi\u00f3n a trav\u00e9s de la red de telecomunicaciones suministrada por el proveedor de acceso que haya contratado.<\/p>\n<p>La utilizaci\u00f3n de alguno de los contenidos o servicios del sitio web se puede hacer mediante la suscripci\u00f3n o el registro previo del usuario.<\/p>\n<h3>El Usuario<\/h3>\n<p>El acceso, la navegaci\u00f3n y uso del Sitio web, confiere la condici\u00f3n de Usuario, por lo cual se aceptan, desde que se inicia la navegaci\u00f3n por el Sitio web, todas las Condiciones aqu\u00ed establecidas, as\u00ed como las modificaciones ulteriores, sin perjuicio de la aplicaci\u00f3n de la correspondiente normativa legal de cumplimiento obligado seg\u00fan el caso. Atendida la relevancia del anterior, se recomienda al Usuario leerlas cada vez que se visite el Sitio web.<\/p>\n<p>El sitio web de\u00a0<strong>GDOS Constructors<\/strong> proporciona una gran diversidad de informaci\u00f3n, servicios y datos. El Usuario asume su responsabilidad para hacer un uso correcto del Sitio web. Esta responsabilidad se extender\u00e1 a:<\/p>\n<p>Un uso de la informaci\u00f3n, contenidos y\/o servicios y datos ofrecidos por <strong>GDOS Constructors\u00a0<\/strong>sin que sea contrario al que disponen estas Condiciones, la Ley, la moral o el orden p\u00fablico, o que de cualquier otra manera puedan suponer lesi\u00f3n de los derechos de terceros o del mismo funcionamiento del Sitio web.<br \/>\nLa veracidad y licitud de las informaciones aportadas por el Usuario a los formularios ofrecidos por\u00a0<strong>GDOS Constructors<\/strong> para el acceso a ciertos Contenidos o Servicios ofrecidos por el Sitio web. En todo caso, el Usuario notificar\u00e1 de forma inmediata a <strong>GDOS Constructors<\/strong> sobre cualquier hecho que permita el uso indebido de la informaci\u00f3n registrada en estos formularios, como por ejemplo, pero no solo, el robo, la p\u00e9rdida, o el acceso no autorizado a identificadores y\/o contrase\u00f1as, para proceder a su inmediata cancelaci\u00f3n. El mero acceso a este Sitio web no supone entablar ning\u00fan tipo de relaci\u00f3n de car\u00e1cter comercial entre <strong>GDOS Constructors<\/strong> y el Usuario.<\/p>\n<p>Siempre en el respecto de la legislaci\u00f3n vigente, este Sitio web de <strong>GDOS Constructors<\/strong> se dirige a todas las personas, sin importar la edad, que puedan acceder y\/o navegar por las p\u00e1ginas del Sitio web.<\/p>\n<p>El Sitio web est\u00e1 dirigido principalmente a Usuarios residentes en Espa\u00f1a. <strong>GDOS Constructors<\/strong> no asegura que el Sitio web cumpla con legislaciones de otros pa\u00edses, ya sea total o parcialmente. Si el Usuario reside o est\u00e1 domiciliado en otro lugar y decide acceder y\/o navegar en el Sitio web, lo har\u00e1 bajo su propia responsabilidad, aseg\u00farese que este acceso y navegaci\u00f3n cumple con la legislaci\u00f3n local que le es aplicable, no asumiendo <strong>GDOS Constructors<\/strong> ninguna responsabilidad que se pueda derivar del dicho acceso.<\/p>\n<h3><\/h3>\n<h3>III. ACCESO Y NAVEGACI\u00d3N DEL SITIO WEB: EXCLUSI\u00d3N DE GARANT\u00cdAS Y RESPONSABILIDAD<\/h3>\n<p><strong>GDOS Constructors<\/strong> no garantiza la continuidad, disponibilidad y utilidad del Sitio web, ni de los Contenidos o Servicios. <strong>GDOS Constructors<\/strong> har\u00e1 todo lo posible por el buen funcionamiento del Sitio web, pero, no se responsabiliza ni garantiza que el acceso a este Sitio web no sea ininterrumpido o que est\u00e9 libre de error.<\/p>\n<p>Tampoco se responsabiliza o garantiza que el contenido o software al que se pueda acceder a trav\u00e9s de este Sitio web, est\u00e9 libre de error o cause un da\u00f1o al sistema inform\u00e1tico (software y hardware) del Usuario. En ning\u00fan caso<strong> GDOS Constructors<\/strong> ser\u00e1 responsable de las p\u00e9rdidas, da\u00f1os o perjuicios de cualquier tipo que surjan por el acceso, navegaci\u00f3n y uso del Sitio web, incluy\u00e9ndose, pero no limit\u00e1ndose, en los ocasionados a los sistemas inform\u00e1ticos o los provocados por la introducci\u00f3n de virus.<\/p>\n<p><strong>GDOS Constructors<\/strong> tampoco se har\u00e1 responsable de los da\u00f1os que pudieran ocasionarse a los usuarios por un uso inadecuado de este Sitio web. En particular, no se hace responsable de ninguna forma de las ca\u00eddas, interrupciones, falta o defecto de las telecomunicaciones que pudieran ocurrir.<\/p>\n<h3><\/h3>\n<h3>IV. POL\u00cdTICA DE ENLACES<\/h3>\n<p>El Usuario o tercero que haga un link desde una p\u00e1gina web de otro, diferente, sitio web al Sitio web de <strong>GDOS Constructors<\/strong> tendr\u00e1 que saber que:<\/p>\n<p>No se permite la reproducci\u00f3n \u2014total o parcialmente\u2014 de ninguno de los Contenidos y\/o Servicios del Sitio web sin autorizaci\u00f3n expresa de <strong>GDOS Constructors<\/strong>.<\/p>\n<p>No se permite tampoco ninguna manifestaci\u00f3n falsa, inexacta o incorrecta sobre el Sitio web de <strong>GDOS Constructors<\/strong>, ni sobre los Contenidos y\/o Servicios del mismo.<\/p>\n<p>A excepci\u00f3n del link, el sitio web donde se establezca este enlace no contendr\u00e1 ning\u00fan elemento, de este Sitio web, protegido como propiedad intelectual por el ordenamiento jur\u00eddico espa\u00f1ol, salvo por autorizaci\u00f3n expresa de\u00a0<strong>GDOS Constructors<\/strong>.<\/p>\n<p>Este link no implicar\u00e1 la existencia de relaciones entre\u00a0<strong>GDOS Constructors\u00a0<\/strong>y el titular del sitio web desde el cual se realice, ni el conocimiento y la aceptaci\u00f3n de <strong>GDOS Constructors<\/strong> de los contenidos, servicios y\/o actividades ofrecidas en este sitio web, y viceversa .<\/p>\n<h3><\/h3>\n<h3>V. PROPIEDAD INTELECTUAL E INDUSTRIAL<\/h3>\n<p><strong>GDOS Constructors<\/strong> por s\u00ed o como parte cesionaria, es titular de todos los derechos de propiedad intelectual e industrial del Sitio web, as\u00ed como de los elementos contenidos en este (a t\u00edtulo enunciativo y no exhaustivo, im\u00e1genes, sonido, audio, video, software o textos, marcas o logotipos, combinaciones de colores, estructura y dise\u00f1o, selecci\u00f3n de materiales usados, programas de ordenador necesarios para su funcionamiento, acceso y uso, etc.). Ser\u00e1n, por lo tanto, obras protegidas como propiedad intelectual por el ordenamiento jur\u00eddico espa\u00f1ol, y los ser\u00e1n aplicables tanto la normativa espa\u00f1ola y comunitaria en este campo, como los tratados internacionales relativos a la materia y subscritos por Espa\u00f1a.<\/p>\n<p>Todos los derechos reservados. En virtud del que dispone la Ley de propiedad intelectual, quedan expresamente prohibidas la reproducci\u00f3n, la distribuci\u00f3n y la comunicaci\u00f3n p\u00fablica, incluida su modalidad de puesta a disposici\u00f3n, de la totalidad o parte de los contenidos de esta p\u00e1gina web, con fines comerciales, en cualquier apoyo y por cualquier medio t\u00e9cnico, sin la utoritzaci\u00f3n de <strong>GDOS Constructors.<\/strong><\/p>\n<p>El Usuario se compromete a respetar los derechos de propiedad intelectual e industrial de <strong>GDOS Constructors<\/strong>. Podr\u00e9is visualizar los elementos del Sitio web o incluso imprimirlos, copiarlos y almacenarlos al disco duro de vuestro ordenador o en cualquier otro soporte f\u00edsico siempre que sea, exclusivamente, para su uso personal. El Usuario no podr\u00e1 suprimir, alterar, o manipular cualquier dispositivo de protecci\u00f3n o sistema de seguridad que estuviera instalado en el Sitio web.<\/p>\n<p>En caso de que el Usuario o tercero considere que cualquiera de los Contenidos del Sitio web suponga una violaci\u00f3n de los derechos de protecci\u00f3n de la propiedad intelectual, lo tendr\u00e1 que comunicar inmediatamente a\u00a0<strong>GDOS Constructors<\/strong> a trav\u00e9s de los datos de contacto del apartado de INFORMACI\u00d3N GENERAL de este Aviso Legal y Condiciones Generales de Uso.<\/p>\n<h3><\/h3>\n<h3>VI. ACCIONES LEGALES, LEGISLACI\u00d3N APLICABLE Y JURISDICCI\u00d3N<\/h3>\n<p><strong>GDOS Constructors<\/strong> se reserva la facultad de presentar las acciones civiles o penales que considere necesarias por la utilizaci\u00f3n indebida del Sitio web y Contenidos, o por el incumplimiento de las presentes Condiciones.<\/p>\n<p>La relaci\u00f3n entre el Usuario y <strong>GDOS Constructors<\/strong> se regir\u00e1 por la normativa vigente y aplicable en el territorio espa\u00f1ol. Si surge cualquier controversia en relaci\u00f3n con la interpretaci\u00f3n y\/o la aplicaci\u00f3n de estas Condiciones, las partes someter\u00e1n sus conflictos a la jurisdicci\u00f3n ordinaria someti\u00e9ndose a los jueces y tribunales que correspondan de acuerdo con el derecho.<\/p>\n<p>Este documento de Aviso Legal y Condiciones Generales de uso del sitio web ha sido creado mediante el generador de plantilla de aviso legal y condiciones de uso en l\u00ednea el d\u00eda 10\/03\/2023.[\/vc_column_text][\/vc_column][\/vc_row]<\/p>\n","protected":false},"excerpt":{"rendered":"<p>[vc_row][vc_column][\/vc_column][\/vc_row][vc_row][vc_column][vc_column_text] AVISO LEGAL Y CONDICIONES GENERALES DE USO www.gdos.cat\/es I. INFORMACI\u00d3N GENERAL En cumplimiento con el deber informativo dispuesto en la Ley 34\/2002 de Servicios de la Sociedad de la&#8230;<\/p>\n","protected":false},"author":2,"featured_media":0,"parent":0,"menu_order":0,"comment_status":"closed","ping_status":"closed","template":"","meta":{"footnotes":""},"class_list":["post-4054","page","type-page","status-publish","hentry"],"yoast_head":"<!-- This site is optimized with the Yoast SEO plugin v23.8 - https:\/\/yoast.com\/wordpress\/plugins\/seo\/ -->\n<title>Aviso legal - GDOS Constructors<\/title>\n<meta name=\"robots\" content=\"index, follow, max-snippet:-1, max-image-preview:large, max-video-preview:-1\" \/>\n<link rel=\"canonical\" href=\"https:\/\/gdos.cat\/es\/aviso-legal\/\" \/>\n<meta property=\"og:locale\" content=\"es_ES\" \/>\n<meta property=\"og:type\" content=\"article\" \/>\n<meta property=\"og:title\" content=\"Aviso legal - GDOS Constructors\" \/>\n<meta property=\"og:description\" content=\"[vc_row][vc_column][\/vc_column][\/vc_row][vc_row][vc_column][vc_column_text] AVISO LEGAL Y CONDICIONES GENERALES DE USO www.gdos.cat\/es I. INFORMACI\u00d3N GENERAL En cumplimiento con el deber informativo dispuesto en la Ley 34\/2002 de Servicios de la Sociedad de la...\" \/>\n<meta property=\"og:url\" content=\"https:\/\/gdos.cat\/es\/aviso-legal\/\" \/>\n<meta property=\"og:site_name\" content=\"GDOS Constructors\" \/>\n<meta property=\"article:modified_time\" content=\"2023-05-24T10:10:10+00:00\" \/>\n<meta name=\"twitter:card\" content=\"summary_large_image\" \/>\n<meta name=\"twitter:label1\" content=\"Tiempo de lectura\" \/>\n\t<meta name=\"twitter:data1\" content=\"8 minutos\" \/>\n<script type=\"application\/ld+json\" class=\"yoast-schema-graph\">{\"@context\":\"https:\/\/schema.org\",\"@graph\":[{\"@type\":\"WebPage\",\"@id\":\"https:\/\/gdos.cat\/es\/aviso-legal\/\",\"url\":\"https:\/\/gdos.cat\/es\/aviso-legal\/\",\"name\":\"Aviso legal - GDOS Constructors\",\"isPartOf\":{\"@id\":\"https:\/\/gdos.cat\/#website\"},\"datePublished\":\"2023-03-10T12:23:13+00:00\",\"dateModified\":\"2023-05-24T10:10:10+00:00\",\"breadcrumb\":{\"@id\":\"https:\/\/gdos.cat\/es\/aviso-legal\/#breadcrumb\"},\"inLanguage\":\"es\",\"potentialAction\":[{\"@type\":\"ReadAction\",\"target\":[\"https:\/\/gdos.cat\/es\/aviso-legal\/\"]}]},{\"@type\":\"BreadcrumbList\",\"@id\":\"https:\/\/gdos.cat\/es\/aviso-legal\/#breadcrumb\",\"itemListElement\":[{\"@type\":\"ListItem\",\"position\":1,\"name\":\"Inici\",\"item\":\"https:\/\/gdos.cat\/es\/\"},{\"@type\":\"ListItem\",\"position\":2,\"name\":\"Aviso legal\"}]},{\"@type\":\"WebSite\",\"@id\":\"https:\/\/gdos.cat\/#website\",\"url\":\"https:\/\/gdos.cat\/\",\"name\":\"GDOS Constructors\",\"description\":\"GDOS\",\"potentialAction\":[{\"@type\":\"SearchAction\",\"target\":{\"@type\":\"EntryPoint\",\"urlTemplate\":\"https:\/\/gdos.cat\/?s={search_term_string}\"},\"query-input\":{\"@type\":\"PropertyValueSpecification\",\"valueRequired\":true,\"valueName\":\"search_term_string\"}}],\"inLanguage\":\"es\"}]}<\/script>\n<!-- \/ Yoast SEO plugin. -->","yoast_head_json":{"title":"Aviso legal - GDOS Constructors","robots":{"index":"index","follow":"follow","max-snippet":"max-snippet:-1","max-image-preview":"max-image-preview:large","max-video-preview":"max-video-preview:-1"},"canonical":"https:\/\/gdos.cat\/es\/aviso-legal\/","og_locale":"es_ES","og_type":"article","og_title":"Aviso legal - GDOS Constructors","og_description":"[vc_row][vc_column][\/vc_column][\/vc_row][vc_row][vc_column][vc_column_text] AVISO LEGAL Y CONDICIONES GENERALES DE USO www.gdos.cat\/es I. INFORMACI\u00d3N GENERAL En cumplimiento con el deber informativo dispuesto en la Ley 34\/2002 de Servicios de la Sociedad de la...","og_url":"https:\/\/gdos.cat\/es\/aviso-legal\/","og_site_name":"GDOS Constructors","article_modified_time":"2023-05-24T10:10:10+00:00","twitter_card":"summary_large_image","twitter_misc":{"Tiempo de lectura":"8 minutos"},"schema":{"@context":"https:\/\/schema.org","@graph":[{"@type":"WebPage","@id":"https:\/\/gdos.cat\/es\/aviso-legal\/","url":"https:\/\/gdos.cat\/es\/aviso-legal\/","name":"Aviso legal - GDOS Constructors","isPartOf":{"@id":"https:\/\/gdos.cat\/#website"},"datePublished":"2023-03-10T12:23:13+00:00","dateModified":"2023-05-24T10:10:10+00:00","breadcrumb":{"@id":"https:\/\/gdos.cat\/es\/aviso-legal\/#breadcrumb"},"inLanguage":"es","potentialAction":[{"@type":"ReadAction","target":["https:\/\/gdos.cat\/es\/aviso-legal\/"]}]},{"@type":"BreadcrumbList","@id":"https:\/\/gdos.cat\/es\/aviso-legal\/#breadcrumb","itemListElement":[{"@type":"ListItem","position":1,"name":"Inici","item":"https:\/\/gdos.cat\/es\/"},{"@type":"ListItem","position":2,"name":"Aviso legal"}]},{"@type":"WebSite","@id":"https:\/\/gdos.cat\/#website","url":"https:\/\/gdos.cat\/","name":"GDOS Constructors","description":"GDOS","potentialAction":[{"@type":"SearchAction","target":{"@type":"EntryPoint","urlTemplate":"https:\/\/gdos.cat\/?s={search_term_string}"},"query-input":{"@type":"PropertyValueSpecification","valueRequired":true,"valueName":"search_term_string"}}],"inLanguage":"es"}]}},"_links":{"self":[{"href":"https:\/\/gdos.cat\/es\/wp-json\/wp\/v2\/pages\/4054","targetHints":{"allow":["GET"]}}],"collection":[{"href":"https:\/\/gdos.cat\/es\/wp-json\/wp\/v2\/pages"}],"about":[{"href":"https:\/\/gdos.cat\/es\/wp-json\/wp\/v2\/types\/page"}],"author":[{"embeddable":true,"href":"https:\/\/gdos.cat\/es\/wp-json\/wp\/v2\/users\/2"}],"replies":[{"embeddable":true,"href":"https:\/\/gdos.cat\/es\/wp-json\/wp\/v2\/comments?post=4054"}],"version-history":[{"count":5,"href":"https:\/\/gdos.cat\/es\/wp-json\/wp\/v2\/pages\/4054\/revisions"}],"predecessor-version":[{"id":4072,"href":"https:\/\/gdos.cat\/es\/wp-json\/wp\/v2\/pages\/4054\/revisions\/4072"}],"wp:attachment":[{"href":"https:\/\/gdos.cat\/es\/wp-json\/wp\/v2\/media?parent=4054"}],"curies":[{"name":"wp","href":"https:\/\/api.w.org\/{rel}","templated":true}]}}