{"id":4059,"date":"2023-03-10T13:18:54","date_gmt":"2023-03-10T12:18:54","guid":{"rendered":"https:\/\/gdos.cat\/nova\/?page_id=4059"},"modified":"2023-05-21T23:12:30","modified_gmt":"2023-05-21T21:12:30","slug":"politica-de-privacitat","status":"publish","type":"page","link":"https:\/\/gdos.cat\/es\/politica-de-privacitat\/","title":{"rendered":"Pol\u00edtica de privacidad"},"content":{"rendered":"<p>[vc_row][vc_column]<div class=\"mgt-header-block clearfix text-left text-black wpb_content_element  mgt-header-block-style-1 mgt-header-texttransform-none  vc_custom_1684702982928\"><h2 class=\"mgt-header-block-title\">Po\u00editica de privacidad<\/h2><div class=\"mgt-header-line\"><\/div><\/div>[\/vc_column][\/vc_row][vc_row][vc_column][vc_column_text]<strong>POL\u00cdTICA DE PRIVACIDAD<\/strong><\/p>\n<p>La presente Pol\u00edtica de Privacidad establece los t\u00e9rminos en que <strong>GDOS Constructors<\/strong> usa y protege la informaci\u00f3n que es proporcionada por sus usuarios en el momento de utilizar su sitio web . Esta compa\u00f1\u00eda est\u00e1 comprometida con la seguridad de los datos de los usuarios. Cuando os pedimos llenar los campos de informaci\u00f3n personal con los que poder ser identificados, lo hacemos asegurando que solo se emplear\u00e1 de acuerdo con los t\u00e9rminos de este documento. Sin embargo, esta Pol\u00edtica de Privacidad puede cambiar con el tiempo o ser actualizada, por lo que os recomendamos y enfatizamos a revisar continuamente esta p\u00e1gina para aseguraros que se est\u00e1 de acuerdo con estos cambios.<\/p>\n<p><strong>Informaci\u00f3n que se recoge<\/strong><\/p>\n<p>Nuestro sitio web podr\u00e1 recoger informaci\u00f3n personal por ejemplo: Nombre, informaci\u00f3n de contacto como vuestra direcci\u00f3n de correo electr\u00f3nica e informaci\u00f3n demogr\u00e1fica. As\u00ed mismo cuando sea necesario podr\u00e1 ser requerida informaci\u00f3n espec\u00edfica para procesar alg\u00fan pedido o hacer una entrega o facturaci\u00f3n.<\/p>\n<p><strong>Uso de la informaci\u00f3n recogida<\/strong><\/p>\n<p>Nuestro sitio web emplear\u00e1 la informaci\u00f3n para proporcionar el mejor servicio posible, particularmente para mantener un registro de usuarios, de pedidos en caso de que aplique, y mejorar nuestros productos y servicios. Es posible que sean enviados correos electr\u00f3nicos peri\u00f3dicamente a trav\u00e9s de nuestro lugar con ofertas especiales, nuevos productos u otra informaci\u00f3n publicitaria que consideramos relevante para usted o que pueda ofrecerle alg\u00fan beneficio, estos correos electr\u00f3nicos ser\u00e1n enviados a la direcci\u00f3n que usted proporcione y podr\u00e1n ser cancelados en cualquier momento.<\/p>\n<p><strong>GDOS Constructors<\/strong> est\u00e1 altamente comprometido en cumplir con el compromiso de mantener su informaci\u00f3n segura. Usamos los sistemas m\u00e1s avanzados y los actualizamos constantemente para asegurarnos que no haya ning\u00fan acceso no autorizado.<\/p>\n<p><strong>Cookies<\/strong><\/p>\n<p>Una galleta o Cookie se refiere a un fichero que es enviado con el fin de solicitar permiso para almacenarse en nuestro ordenador, al aceptar este fichero se crea y la galleta sirve entonces para tener informaci\u00f3n respecto al tr\u00e1fico web, y tambi\u00e9n facilita las futuras visitas en un sitio web recurrente. Otra funci\u00f3n que tienen las cookies es que con ellas las web te pueden reconocer individualmente y por tanto brindarte el mejor servicio personalizado de su web.<\/p>\n<p>Nuestro sitio web utiliza las cookies para poder identificar las p\u00e1ginas que son visitadas y su frecuencia. Esta informaci\u00f3n es empleada \u00fanicamente para an\u00e1lisis estad\u00edstico y despu\u00e9s la informaci\u00f3n se elimina de manera permanente. Usted puede eliminar las galletas en cualquier momento desde su ordenador. Aun as\u00ed las cookies ayudan a proporcionar un mejor servicio de los sitios web, est\u00e1s no dan acceso a informaci\u00f3n de su ordenador ni de usted, a menos que usted as\u00ed lo quiera y la proporcione directamente. Usted puede aceptar o negar el uso de galletas, pero la mayor\u00eda de navegadores aceptan galletas autom\u00e1ticamente puesto que sirve para tener un mejor servicio web. Tambi\u00e9n pod\u00e9is cambiar la configuraci\u00f3n de vuestro ordenador para declinar las cookies. Si se declinan es posible que no pod\u00e1is utilizar algunos de nuestros servicios. ser de vuestro inter\u00e9s. Cuando usted de clic en estos enlaces y abandone nuestra p\u00e1gina, ya no tenemos control sobre el lugar al cual es redirigido y por tanto no somos responsables de los t\u00e9rminos o privacidad ni de la protecci\u00f3n de vuestros datos en estos otros lugares terceros. Estos lugares est\u00e1n sujetos a sus propias pol\u00edticas de privacidad por lo cual es recomendable que los consulten para confirmar que est\u00e1n de acuerdo con estas.<\/p>\n<p><strong>Control de vuestra informaci\u00f3n personal<\/strong><\/p>\n<p>En cualquier momento usted puede restringir la recopilaci\u00f3n o uso de la informaci\u00f3n personal que es proporcionada a nuestro sitio web. Cada vez que se os pida llenar un formulario, como el de alta de usuario, puede marcar o desmarcar la opci\u00f3n de recibir informaci\u00f3n por correo electr\u00f3nico. En caso de que haya marcado la opci\u00f3n de recibir nuestro bolet\u00edn o publicidad puede cancelarla en cualquier momento.<\/p>\n<p>Esta compa\u00f1\u00eda no vender\u00e1, ceder\u00e1 ni distribuir\u00e1 la informaci\u00f3n personal que es recopilada sin vuestro consentimiento, salvo que sea requerido por un juez con un orden judicial.<\/p>\n<p><strong>GDOS Constructors<\/strong>\u00a0se reserva el derecho de cambiar los t\u00e9rminos de la presente Pol\u00edtica de Privacidad en cualquier momento.[\/vc_column_text][\/vc_column][\/vc_row]<\/p>\n","protected":false},"excerpt":{"rendered":"<p>[vc_row][vc_column][\/vc_column][\/vc_row][vc_row][vc_column][vc_column_text]POL\u00cdTICA DE PRIVACIDAD La presente Pol\u00edtica de Privacidad establece los t\u00e9rminos en que GDOS Constructors usa y protege la informaci\u00f3n que es proporcionada por sus usuarios en el momento de&#8230;<\/p>\n","protected":false},"author":2,"featured_media":0,"parent":0,"menu_order":0,"comment_status":"closed","ping_status":"closed","template":"","meta":{"footnotes":""},"class_list":["post-4059","page","type-page","status-publish","hentry"],"yoast_head":"<!-- This site is optimized with the Yoast SEO plugin v23.8 - https:\/\/yoast.com\/wordpress\/plugins\/seo\/ -->\n<title>Pol\u00edtica de privacidad - GDOS Constructors<\/title>\n<meta name=\"robots\" content=\"index, follow, max-snippet:-1, max-image-preview:large, max-video-preview:-1\" \/>\n<link rel=\"canonical\" href=\"https:\/\/gdos.cat\/es\/politica-de-privacitat\/\" \/>\n<meta property=\"og:locale\" content=\"es_ES\" \/>\n<meta property=\"og:type\" content=\"article\" \/>\n<meta property=\"og:title\" content=\"Pol\u00edtica de privacidad - GDOS Constructors\" \/>\n<meta property=\"og:description\" content=\"[vc_row][vc_column][\/vc_column][\/vc_row][vc_row][vc_column][vc_column_text]POL\u00cdTICA DE PRIVACIDAD La presente Pol\u00edtica de Privacidad establece los t\u00e9rminos en que GDOS Constructors usa y protege la informaci\u00f3n que es proporcionada por sus usuarios en el momento de...\" \/>\n<meta property=\"og:url\" content=\"https:\/\/gdos.cat\/es\/politica-de-privacitat\/\" \/>\n<meta property=\"og:site_name\" content=\"GDOS Constructors\" \/>\n<meta property=\"article:modified_time\" content=\"2023-05-21T21:12:30+00:00\" \/>\n<meta name=\"twitter:card\" content=\"summary_large_image\" \/>\n<meta name=\"twitter:label1\" content=\"Tiempo de lectura\" \/>\n\t<meta name=\"twitter:data1\" content=\"4 minutos\" \/>\n<script type=\"application\/ld+json\" class=\"yoast-schema-graph\">{\"@context\":\"https:\/\/schema.org\",\"@graph\":[{\"@type\":\"WebPage\",\"@id\":\"https:\/\/gdos.cat\/es\/politica-de-privacitat\/\",\"url\":\"https:\/\/gdos.cat\/es\/politica-de-privacitat\/\",\"name\":\"Pol\u00edtica de privacidad - GDOS Constructors\",\"isPartOf\":{\"@id\":\"https:\/\/gdos.cat\/#website\"},\"datePublished\":\"2023-03-10T12:18:54+00:00\",\"dateModified\":\"2023-05-21T21:12:30+00:00\",\"breadcrumb\":{\"@id\":\"https:\/\/gdos.cat\/es\/politica-de-privacitat\/#breadcrumb\"},\"inLanguage\":\"es\",\"potentialAction\":[{\"@type\":\"ReadAction\",\"target\":[\"https:\/\/gdos.cat\/es\/politica-de-privacitat\/\"]}]},{\"@type\":\"BreadcrumbList\",\"@id\":\"https:\/\/gdos.cat\/es\/politica-de-privacitat\/#breadcrumb\",\"itemListElement\":[{\"@type\":\"ListItem\",\"position\":1,\"name\":\"Inici\",\"item\":\"https:\/\/gdos.cat\/es\/\"},{\"@type\":\"ListItem\",\"position\":2,\"name\":\"Pol\u00edtica de privacidad\"}]},{\"@type\":\"WebSite\",\"@id\":\"https:\/\/gdos.cat\/#website\",\"url\":\"https:\/\/gdos.cat\/\",\"name\":\"GDOS Constructors\",\"description\":\"GDOS\",\"potentialAction\":[{\"@type\":\"SearchAction\",\"target\":{\"@type\":\"EntryPoint\",\"urlTemplate\":\"https:\/\/gdos.cat\/?s={search_term_string}\"},\"query-input\":{\"@type\":\"PropertyValueSpecification\",\"valueRequired\":true,\"valueName\":\"search_term_string\"}}],\"inLanguage\":\"es\"}]}<\/script>\n<!-- \/ Yoast SEO plugin. -->","yoast_head_json":{"title":"Pol\u00edtica de privacidad - GDOS Constructors","robots":{"index":"index","follow":"follow","max-snippet":"max-snippet:-1","max-image-preview":"max-image-preview:large","max-video-preview":"max-video-preview:-1"},"canonical":"https:\/\/gdos.cat\/es\/politica-de-privacitat\/","og_locale":"es_ES","og_type":"article","og_title":"Pol\u00edtica de privacidad - GDOS Constructors","og_description":"[vc_row][vc_column][\/vc_column][\/vc_row][vc_row][vc_column][vc_column_text]POL\u00cdTICA DE PRIVACIDAD La presente Pol\u00edtica de Privacidad establece los t\u00e9rminos en que GDOS Constructors usa y protege la informaci\u00f3n que es proporcionada por sus usuarios en el momento de...","og_url":"https:\/\/gdos.cat\/es\/politica-de-privacitat\/","og_site_name":"GDOS Constructors","article_modified_time":"2023-05-21T21:12:30+00:00","twitter_card":"summary_large_image","twitter_misc":{"Tiempo de lectura":"4 minutos"},"schema":{"@context":"https:\/\/schema.org","@graph":[{"@type":"WebPage","@id":"https:\/\/gdos.cat\/es\/politica-de-privacitat\/","url":"https:\/\/gdos.cat\/es\/politica-de-privacitat\/","name":"Pol\u00edtica de privacidad - GDOS Constructors","isPartOf":{"@id":"https:\/\/gdos.cat\/#website"},"datePublished":"2023-03-10T12:18:54+00:00","dateModified":"2023-05-21T21:12:30+00:00","breadcrumb":{"@id":"https:\/\/gdos.cat\/es\/politica-de-privacitat\/#breadcrumb"},"inLanguage":"es","potentialAction":[{"@type":"ReadAction","target":["https:\/\/gdos.cat\/es\/politica-de-privacitat\/"]}]},{"@type":"BreadcrumbList","@id":"https:\/\/gdos.cat\/es\/politica-de-privacitat\/#breadcrumb","itemListElement":[{"@type":"ListItem","position":1,"name":"Inici","item":"https:\/\/gdos.cat\/es\/"},{"@type":"ListItem","position":2,"name":"Pol\u00edtica de privacidad"}]},{"@type":"WebSite","@id":"https:\/\/gdos.cat\/#website","url":"https:\/\/gdos.cat\/","name":"GDOS Constructors","description":"GDOS","potentialAction":[{"@type":"SearchAction","target":{"@type":"EntryPoint","urlTemplate":"https:\/\/gdos.cat\/?s={search_term_string}"},"query-input":{"@type":"PropertyValueSpecification","valueRequired":true,"valueName":"search_term_string"}}],"inLanguage":"es"}]}},"_links":{"self":[{"href":"https:\/\/gdos.cat\/es\/wp-json\/wp\/v2\/pages\/4059","targetHints":{"allow":["GET"]}}],"collection":[{"href":"https:\/\/gdos.cat\/es\/wp-json\/wp\/v2\/pages"}],"about":[{"href":"https:\/\/gdos.cat\/es\/wp-json\/wp\/v2\/types\/page"}],"author":[{"embeddable":true,"href":"https:\/\/gdos.cat\/es\/wp-json\/wp\/v2\/users\/2"}],"replies":[{"embeddable":true,"href":"https:\/\/gdos.cat\/es\/wp-json\/wp\/v2\/comments?post=4059"}],"version-history":[{"count":3,"href":"https:\/\/gdos.cat\/es\/wp-json\/wp\/v2\/pages\/4059\/revisions"}],"predecessor-version":[{"id":4062,"href":"https:\/\/gdos.cat\/es\/wp-json\/wp\/v2\/pages\/4059\/revisions\/4062"}],"wp:attachment":[{"href":"https:\/\/gdos.cat\/es\/wp-json\/wp\/v2\/media?parent=4059"}],"curies":[{"name":"wp","href":"https:\/\/api.w.org\/{rel}","templated":true}]}}