{"id":4087,"date":"2023-05-24T12:55:00","date_gmt":"2023-05-24T10:55:00","guid":{"rendered":"https:\/\/gdos.cat\/nova\/?page_id=4087"},"modified":"2025-01-22T12:47:34","modified_gmt":"2025-01-22T11:47:34","slug":"subvenciones","status":"publish","type":"page","link":"https:\/\/gdos.cat\/es\/subvenciones\/","title":{"rendered":"subvenciones"},"content":{"rendered":"<p>[vc_row][vc_column]<div class=\"mgt-header-block clearfix text-left text-black wpb_content_element  mgt-header-block-style-1 mgt-header-texttransform-none \"><h2 class=\"mgt-header-block-title\">Subvenciones disponibles<\/h2><div class=\"mgt-header-line\"><\/div><\/div>[\/vc_column][\/vc_row][vc_row css=\u00bb.vc_custom_1463499713574{margin-bottom: 10px !important;}\u00bb][vc_column width=\u00bb1\/2&#8243; css=\u00bb.vc_custom_1684927398548{border-top-width: 60px !important;border-right-width: 60px !important;border-bottom-width: 60px !important;border-left-width: 60px !important;background-color: #eaeaea !important;}\u00bb][vc_column_text css_animation=\u00bbfadeIn\u00bb]<\/p>\n<h3><strong>Ayudas para la retirada de amianto 2025<\/strong><\/h3>\n<p><strong>Destinatarios:<\/strong> Personas f\u00edsicas o jur\u00eddicas, p\u00fablicas o privadas, o comunidades de vecinos.<\/p>\n<p><strong>Plazos:<\/strong> Del 15 de enero al 28 de noviembre de 2025 (hasta el agotamiento del presupuesto).<\/p>\n<h4><\/h4>\n<h4><strong>Cuant\u00eda de la subvenci\u00f3n<\/strong><\/h4>\n<p>Subvenci\u00f3n para los gastos econ\u00f3micos derivados de la retirada, el transporte y el tratamiento de los residuos de amianto, con un m\u00e1ximo por metro cuadrado de cubierta de amianto seg\u00fan el siguiente escalado:<\/p>\n<h4><strong>Importe m\u00e1ximo subvencionable<\/strong><\/h4>\n<ul>\n<li>Cubiertas de amianto de hasta 49 m\u00b2: (2.000 \u20ac)<\/li>\n<li>Cubiertas de amianto de 50 m\u00b2 hasta 99 m\u00b2: (40 \u20ac\/m\u00b2)<\/li>\n<li>Cubiertas de amianto de 100 m\u00b2 hasta 499 m\u00b2: (30 \u20ac\/m\u00b2)<\/li>\n<li>Cubiertas de amianto de 500 m\u00b2 hasta 999 m\u00b2: (25 \u20ac\/m\u00b2)<\/li>\n<li>Cubiertas de amianto a partir de 1.000 m\u00b2: (20 \u20ac\/m\u00b2)<\/li>\n<\/ul>\n<p>\u00a1Para m\u00e1s informaci\u00f3n, contacta con nosotros![\/vc_column_text][\/vc_column][vc_column width=\u00bb1\/2&#8243;][vc_single_image image=\u00bb3932&#8243; img_size=\u00bbfull\u00bb alignment=\u00bbcenter\u00bb][\/vc_column][\/vc_row]<\/p>\n","protected":false},"excerpt":{"rendered":"<p>[vc_row][vc_column][\/vc_column][\/vc_row][vc_row css=\u00bb.vc_custom_1463499713574{margin-bottom: 10px !important;}\u00bb][vc_column width=\u00bb1\/2&#8243; css=\u00bb.vc_custom_1684927398548{border-top-width: 60px !important;border-right-width: 60px !important;border-bottom-width: 60px !important;border-left-width: 60px !important;background-color: #eaeaea !important;}\u00bb][vc_column_text css_animation=\u00bbfadeIn\u00bb] Ayudas para la retirada de amianto 2025 Destinatarios: Personas f\u00edsicas o jur\u00eddicas, p\u00fablicas&#8230;<\/p>\n","protected":false},"author":2,"featured_media":0,"parent":0,"menu_order":0,"comment_status":"closed","ping_status":"closed","template":"","meta":{"footnotes":""},"class_list":["post-4087","page","type-page","status-publish","hentry"],"yoast_head":"<!-- This site is optimized with the Yoast SEO plugin v23.8 - https:\/\/yoast.com\/wordpress\/plugins\/seo\/ -->\n<title>subvenciones - GDOS Constructors<\/title>\n<meta name=\"robots\" content=\"index, follow, max-snippet:-1, max-image-preview:large, max-video-preview:-1\" \/>\n<link rel=\"canonical\" href=\"https:\/\/gdos.cat\/subvencions\/\" \/>\n<meta property=\"og:locale\" content=\"es_ES\" \/>\n<meta property=\"og:type\" content=\"article\" \/>\n<meta property=\"og:title\" content=\"subvenciones - GDOS Constructors\" \/>\n<meta property=\"og:description\" content=\"[vc_row][vc_column][\/vc_column][\/vc_row][vc_row css=\u00bb.vc_custom_1463499713574{margin-bottom: 10px !important;}\u00bb][vc_column width=\u00bb1\/2&#8243; css=\u00bb.vc_custom_1684927398548{border-top-width: 60px !important;border-right-width: 60px !important;border-bottom-width: 60px !important;border-left-width: 60px !important;background-color: #eaeaea !important;}\u00bb][vc_column_text css_animation=\u00bbfadeIn\u00bb] Ayudas para la retirada de amianto 2025 Destinatarios: Personas f\u00edsicas o jur\u00eddicas, p\u00fablicas...\" \/>\n<meta property=\"og:url\" content=\"https:\/\/gdos.cat\/subvencions\/\" \/>\n<meta property=\"og:site_name\" content=\"GDOS Constructors\" \/>\n<meta property=\"article:modified_time\" content=\"2025-01-22T11:47:34+00:00\" \/>\n<meta name=\"twitter:card\" content=\"summary_large_image\" \/>\n<meta name=\"twitter:label1\" content=\"Tiempo de lectura\" \/>\n\t<meta name=\"twitter:data1\" content=\"1 minuto\" \/>\n<script type=\"application\/ld+json\" class=\"yoast-schema-graph\">{\"@context\":\"https:\/\/schema.org\",\"@graph\":[{\"@type\":\"WebPage\",\"@id\":\"https:\/\/gdos.cat\/subvencions\/\",\"url\":\"https:\/\/gdos.cat\/subvencions\/\",\"name\":\"subvenciones - GDOS Constructors\",\"isPartOf\":{\"@id\":\"https:\/\/gdos.cat\/#website\"},\"datePublished\":\"2023-05-24T10:55:00+00:00\",\"dateModified\":\"2025-01-22T11:47:34+00:00\",\"breadcrumb\":{\"@id\":\"https:\/\/gdos.cat\/subvencions\/#breadcrumb\"},\"inLanguage\":\"es\",\"potentialAction\":[{\"@type\":\"ReadAction\",\"target\":[\"https:\/\/gdos.cat\/subvencions\/\"]}]},{\"@type\":\"BreadcrumbList\",\"@id\":\"https:\/\/gdos.cat\/subvencions\/#breadcrumb\",\"itemListElement\":[{\"@type\":\"ListItem\",\"position\":1,\"name\":\"Inici\",\"item\":\"https:\/\/gdos.cat\/es\/\"},{\"@type\":\"ListItem\",\"position\":2,\"name\":\"subvenciones\"}]},{\"@type\":\"WebSite\",\"@id\":\"https:\/\/gdos.cat\/#website\",\"url\":\"https:\/\/gdos.cat\/\",\"name\":\"GDOS Constructors\",\"description\":\"GDOS\",\"potentialAction\":[{\"@type\":\"SearchAction\",\"target\":{\"@type\":\"EntryPoint\",\"urlTemplate\":\"https:\/\/gdos.cat\/?s={search_term_string}\"},\"query-input\":{\"@type\":\"PropertyValueSpecification\",\"valueRequired\":true,\"valueName\":\"search_term_string\"}}],\"inLanguage\":\"es\"}]}<\/script>\n<!-- \/ Yoast SEO plugin. -->","yoast_head_json":{"title":"subvenciones - GDOS Constructors","robots":{"index":"index","follow":"follow","max-snippet":"max-snippet:-1","max-image-preview":"max-image-preview:large","max-video-preview":"max-video-preview:-1"},"canonical":"https:\/\/gdos.cat\/subvencions\/","og_locale":"es_ES","og_type":"article","og_title":"subvenciones - GDOS Constructors","og_description":"[vc_row][vc_column][\/vc_column][\/vc_row][vc_row css=\u00bb.vc_custom_1463499713574{margin-bottom: 10px !important;}\u00bb][vc_column width=\u00bb1\/2&#8243; css=\u00bb.vc_custom_1684927398548{border-top-width: 60px !important;border-right-width: 60px !important;border-bottom-width: 60px !important;border-left-width: 60px !important;background-color: #eaeaea !important;}\u00bb][vc_column_text css_animation=\u00bbfadeIn\u00bb] Ayudas para la retirada de amianto 2025 Destinatarios: Personas f\u00edsicas o jur\u00eddicas, p\u00fablicas...","og_url":"https:\/\/gdos.cat\/subvencions\/","og_site_name":"GDOS Constructors","article_modified_time":"2025-01-22T11:47:34+00:00","twitter_card":"summary_large_image","twitter_misc":{"Tiempo de lectura":"1 minuto"},"schema":{"@context":"https:\/\/schema.org","@graph":[{"@type":"WebPage","@id":"https:\/\/gdos.cat\/subvencions\/","url":"https:\/\/gdos.cat\/subvencions\/","name":"subvenciones - GDOS Constructors","isPartOf":{"@id":"https:\/\/gdos.cat\/#website"},"datePublished":"2023-05-24T10:55:00+00:00","dateModified":"2025-01-22T11:47:34+00:00","breadcrumb":{"@id":"https:\/\/gdos.cat\/subvencions\/#breadcrumb"},"inLanguage":"es","potentialAction":[{"@type":"ReadAction","target":["https:\/\/gdos.cat\/subvencions\/"]}]},{"@type":"BreadcrumbList","@id":"https:\/\/gdos.cat\/subvencions\/#breadcrumb","itemListElement":[{"@type":"ListItem","position":1,"name":"Inici","item":"https:\/\/gdos.cat\/es\/"},{"@type":"ListItem","position":2,"name":"subvenciones"}]},{"@type":"WebSite","@id":"https:\/\/gdos.cat\/#website","url":"https:\/\/gdos.cat\/","name":"GDOS Constructors","description":"GDOS","potentialAction":[{"@type":"SearchAction","target":{"@type":"EntryPoint","urlTemplate":"https:\/\/gdos.cat\/?s={search_term_string}"},"query-input":{"@type":"PropertyValueSpecification","valueRequired":true,"valueName":"search_term_string"}}],"inLanguage":"es"}]}},"_links":{"self":[{"href":"https:\/\/gdos.cat\/es\/wp-json\/wp\/v2\/pages\/4087","targetHints":{"allow":["GET"]}}],"collection":[{"href":"https:\/\/gdos.cat\/es\/wp-json\/wp\/v2\/pages"}],"about":[{"href":"https:\/\/gdos.cat\/es\/wp-json\/wp\/v2\/types\/page"}],"author":[{"embeddable":true,"href":"https:\/\/gdos.cat\/es\/wp-json\/wp\/v2\/users\/2"}],"replies":[{"embeddable":true,"href":"https:\/\/gdos.cat\/es\/wp-json\/wp\/v2\/comments?post=4087"}],"version-history":[{"count":9,"href":"https:\/\/gdos.cat\/es\/wp-json\/wp\/v2\/pages\/4087\/revisions"}],"predecessor-version":[{"id":4153,"href":"https:\/\/gdos.cat\/es\/wp-json\/wp\/v2\/pages\/4087\/revisions\/4153"}],"wp:attachment":[{"href":"https:\/\/gdos.cat\/es\/wp-json\/wp\/v2\/media?parent=4087"}],"curies":[{"name":"wp","href":"https:\/\/api.w.org\/{rel}","templated":true}]}}